{"id":58,"date":"2025-09-13T20:05:03","date_gmt":"2025-09-13T19:05:03","guid":{"rendered":"https:\/\/hibou-rouge.fr\/?page_id=58"},"modified":"2025-09-21T19:42:47","modified_gmt":"2025-09-21T18:42:47","slug":"hello","status":"publish","type":"page","link":"https:\/\/hibou-rouge.fr\/","title":{"rendered":"Hello"},"content":{"rendered":"\t\t<div data-elementor-type=\"wp-page\" data-elementor-id=\"58\" class=\"elementor elementor-58\">\n\t\t\t\t<div class=\"elementor-element elementor-element-d03e6b7 e-flex e-con-boxed e-con e-parent\" data-id=\"d03e6b7\" data-element_type=\"container\">\n\t\t\t\t\t<div class=\"e-con-inner\">\n\t\t<div class=\"elementor-element elementor-element-269813e e-con-full e-flex e-con e-child\" data-id=\"269813e\" data-element_type=\"container\">\n\t\t\t\t<div class=\"elementor-element elementor-element-9d4f1b0 elementor-widget elementor-widget-heading\" data-id=\"9d4f1b0\" data-element_type=\"widget\" data-widget_type=\"heading.default\">\n\t\t\t\t\t<h2 class=\"elementor-heading-title elementor-size-default\">HELLO<\/h2>\t\t\t\t<\/div>\n\t\t\t\t<\/div>\n\t\t<div class=\"elementor-element elementor-element-3e1f4b9 e-con-full e-flex e-con e-child\" data-id=\"3e1f4b9\" data-element_type=\"container\">\n\t\t\t\t<\/div>\n\t\t\t\t\t<\/div>\n\t\t\t\t<\/div>\n\t\t<div class=\"elementor-element elementor-element-5305c79 e-grid e-con-full e-con e-parent\" data-id=\"5305c79\" data-element_type=\"container\">\n\t\t\t\t<div class=\"elementor-element elementor-element-3cffd52 elementor-widget elementor-widget-text-editor\" data-id=\"3cffd52\" data-element_type=\"widget\" data-widget_type=\"text-editor.default\">\n\t\t\t\t\t\t\t\t\t<p data-start=\"251\" data-end=\"491\">Chez <strong data-start=\"256\" data-end=\"271\">Hibou Rouge<\/strong>, nous accompagnons les <strong data-start=\"295\" data-end=\"325\">enseignes <\/strong>dans la cr\u00e9ation d\u2019espaces qui racontent une histoire \u2014 la v\u00f4tre.<br data-start=\"391\" data-end=\"394\" \/>Des lieux o\u00f9 l\u2019on entre avec curiosit\u00e9, o\u00f9 l\u2019on circule avec aisance, o\u00f9 l\u2019on reste avec plaisir.<\/p><p data-start=\"493\" data-end=\"784\">Nous pensons que chaque projet m\u00e9rite une attention particuli\u00e8re, un regard aff\u00fbt\u00e9, presque nocturne.<br data-start=\"594\" data-end=\"597\" \/>Comme le hibou, nous observons dans le d\u00e9tail, pour r\u00e9v\u00e9ler ce qui est parfois invisible : l\u2019\u00e9motion d\u2019un lieu bien pens\u00e9, le confort d\u2019un espace fluide, l\u2019\u00e9vidence d\u2019un agencement juste.<\/p><p data-start=\"786\" data-end=\"1018\">Notre accompagnement est \u00e0 la crois\u00e9e du <strong data-start=\"827\" data-end=\"857\">fonctionnel et du sensible<\/strong>, du <strong data-start=\"862\" data-end=\"896\">r\u00e8glementaire et de l\u2019intuitif<\/strong>.<br data-start=\"897\" data-end=\"900\" \/>Avec vous, nous dessinons des espaces qui accueillent, valorisent, orientent \u2014 et surtout, qui laissent une empreinte.<\/p><p class=\"cvGsUA direction-ltr align-justify para-style-body\">Partout<span class=\"a_GcMg font-feature-liga-off font-feature-clig-off font-feature-calt-off text-decoration-none text-strikethrough-none\">,\u00a0<\/span>nous accompagnons votre croissance : projets d\u2019ouverture, de r\u00e9novation ou d\u00e9ploiement en France et \u00e0 l\u2019international.<\/p>\t\t\t\t\t\t\t\t<\/div>\n\t\t\t\t<div class=\"elementor-element elementor-element-4ba8e8a elementor-widget elementor-widget-text-editor\" data-id=\"4ba8e8a\" data-element_type=\"widget\" data-widget_type=\"text-editor.default\">\n\t\t\t\t\t\t\t\t\t<p class=\"cvGsUA direction-ltr align-end para-style-body\"><span class=\"a_GcMg font-feature-liga-off font-feature-clig-off font-feature-calt-off text-decoration-none text-strikethrough-none\">Cr\u00e9ons ensemble&nbsp;<\/span><\/p><p class=\"cvGsUA direction-ltr align-end para-style-body\"><span class=\"a_GcMg font-feature-liga-off font-feature-clig-off font-feature-calt-off text-decoration-none text-strikethrough-none\">un <\/span><span class=\"a_GcMg font-feature-liga-off font-feature-clig-off font-feature-calt-off text-decoration-none text-strikethrough-none\">projet qui cartonne !<\/span><\/p>\t\t\t\t\t\t\t\t<\/div>\n\t\t\t\t<\/div>\n\t\t\t\t<\/div>\n\t\t","protected":false},"excerpt":{"rendered":"<p>HELLO Chez Hibou Rouge, nous accompagnons les enseignes dans la cr\u00e9ation d\u2019espaces qui racontent une histoire \u2014 la v\u00f4tre.Des lieux o\u00f9 l\u2019on entre avec curiosit\u00e9, o\u00f9 l\u2019on circule avec aisance, o\u00f9 l\u2019on reste avec plaisir. Nous pensons que chaque projet m\u00e9rite une attention particuli\u00e8re, un regard aff\u00fbt\u00e9, presque nocturne.Comme le hibou, nous observons dans le [&hellip;]<\/p>\n","protected":false},"author":1,"featured_media":0,"parent":0,"menu_order":0,"comment_status":"closed","ping_status":"closed","template":"","meta":{"footnotes":""},"class_list":["post-58","page","type-page","status-publish","hentry"],"_links":{"self":[{"href":"https:\/\/hibou-rouge.fr\/index.php?rest_route=\/wp\/v2\/pages\/58","targetHints":{"allow":["GET"]}}],"collection":[{"href":"https:\/\/hibou-rouge.fr\/index.php?rest_route=\/wp\/v2\/pages"}],"about":[{"href":"https:\/\/hibou-rouge.fr\/index.php?rest_route=\/wp\/v2\/types\/page"}],"author":[{"embeddable":true,"href":"https:\/\/hibou-rouge.fr\/index.php?rest_route=\/wp\/v2\/users\/1"}],"replies":[{"embeddable":true,"href":"https:\/\/hibou-rouge.fr\/index.php?rest_route=%2Fwp%2Fv2%2Fcomments&post=58"}],"version-history":[{"count":32,"href":"https:\/\/hibou-rouge.fr\/index.php?rest_route=\/wp\/v2\/pages\/58\/revisions"}],"predecessor-version":[{"id":220,"href":"https:\/\/hibou-rouge.fr\/index.php?rest_route=\/wp\/v2\/pages\/58\/revisions\/220"}],"wp:attachment":[{"href":"https:\/\/hibou-rouge.fr\/index.php?rest_route=%2Fwp%2Fv2%2Fmedia&parent=58"}],"curies":[{"name":"wp","href":"https:\/\/api.w.org\/{rel}","templated":true}]}}